{"id":33013,"date":"2023-10-03T11:15:06","date_gmt":"2023-10-03T16:15:06","guid":{"rendered":"https:\/\/wordpress.zozothemes.com\/igual\/practice-area-styles-copy-3\/"},"modified":"2023-10-18T16:14:18","modified_gmt":"2023-10-18T21:14:18","slug":"practice-areas","status":"publish","type":"page","link":"http:\/\/3.222.8.66\/en\/practice-areas\/","title":{"rendered":"Practice Areas"},"content":{"rendered":"<div data-elementor-type=\"wp-page\" data-elementor-id=\"33013\" class=\"elementor elementor-33013\">\n\t\t\t\t\t\t<section class=\"elementor-section elementor-top-section elementor-element elementor-element-e9cd0a6 elementor-section-content-middle elementor-section-boxed elementor-section-height-default elementor-section-height-default text-reveal-no\" data-id=\"e9cd0a6\" data-element_type=\"section\">\n\t\t\t\t\t\t<div class=\"elementor-container elementor-column-gap-extended\">\n\t\t\t\t\t<div class=\"elementor-column elementor-col-100 elementor-top-column elementor-element elementor-element-1554b18\" data-id=\"1554b18\" data-element_type=\"column\">\n\t\t\t<div class=\"elementor-widget-wrap elementor-element-populated\">\n\t\t\t\t\t\t<div class=\"elementor-element elementor-element-63c1e4e elementor-invisible elementor-widget elementor-widget-ceaservice\" data-id=\"63c1e4e\" data-element_type=\"widget\" data-settings=\"{&quot;_animation&quot;:&quot;fadeInUp&quot;}\" data-widget_type=\"ceaservice.default\">\n\t\t\t\t\n\t\t<div class=\"elementor-widget-container service-wrapper service-style-classic service-light service-normal-model\">\n\t\t\n\t\t\t<div class=\"row\"><div class=\"col-lg-4 col-md-4\" ><div class=\"service-inner\"><div class=\"post-thumb\"><a href=\"http:\/\/3.222.8.66\/en\/practice-areas\/business-law\/\" class=\"post-image-link\"><img decoding=\"async\" src=\"https:\/\/3.222.8.66\/wp-content\/uploads\/2022\/07\/derecho-empresarial-1.webp\" title=\"Legal advice on corporate law | Motta, Yaafar &amp; D\u00edaz\" alt=\"Legal advice on corporate law | Motta, Yaafar &amp; D\u00edaz\" class=\"img-fluid squared\" \/><\/a><\/div><!-- .post-thumb --><div class=\"service-icon-img-wrap\"><img decoding=\"async\" src=\"https:\/\/3.222.8.66\/wp-content\/uploads\/2022\/07\/contract-1.png\" class=\"img-fluid service-icon-img\" alt=\"Business Law\" \/><\/div><div class=\"entry-title\"><h4 class=\"post-title-head\"><a href=\"http:\/\/3.222.8.66\/en\/practice-areas\/business-law\/\" class=\"post-title\">Business Law<\/a><\/h4><\/div><!-- .entry-title --><div class=\"post-excerpt\">Business law is a broad area of specialization that...<\/div><!-- .post-excerpt --><\/div><!-- .service-inner --><\/div><!-- .col \/ .owl-carousel-item \/ .isotope --><div class=\"col-lg-4 col-md-4\" ><div class=\"service-inner\"><div class=\"post-thumb\"><a href=\"http:\/\/3.222.8.66\/en\/practice-areas\/intellectual-property\/\" class=\"post-image-link\"><img decoding=\"async\" src=\"https:\/\/3.222.8.66\/wp-content\/uploads\/2023\/10\/pexels-pavel-danilyuk-8112178.jpg\" title=\"Intellectual Property : Motta, Yaafar D\u00edaz\" alt=\"Intellectual Property : Motta, Yaafar D\u00edaz\" class=\"img-fluid squared img-fluid squared\" \/><\/a><\/div><!-- .post-thumb --><div class=\"service-icon-img-wrap\"><img decoding=\"async\" src=\"https:\/\/3.222.8.66\/wp-content\/uploads\/2022\/07\/business.png\" class=\"img-fluid service-icon-img\" alt=\"Intellectual Property\" \/><\/div><div class=\"entry-title\"><h4 class=\"post-title-head\"><a href=\"http:\/\/3.222.8.66\/en\/practice-areas\/intellectual-property\/\" class=\"post-title\">Intellectual Property<\/a><\/h4><\/div><!-- .entry-title --><div class=\"post-excerpt\">Intellectual property (IP) relates to the creations of...<\/div><!-- .post-excerpt --><\/div><!-- .service-inner --><\/div><!-- .col \/ .owl-carousel-item \/ .isotope --><div class=\"col-lg-4 col-md-4\" ><div class=\"service-inner\"><div class=\"post-thumb\"><a href=\"http:\/\/3.222.8.66\/en\/practice-areas\/litigations\/\" class=\"post-image-link\"><img decoding=\"async\" src=\"https:\/\/3.222.8.66\/wp-content\/uploads\/2023\/10\/litigios.webp\" title=\"Litigation | Motta, Yaafar Diaz\" alt=\"Litigation | Motta, Yaafar Diaz\" class=\"img-fluid squared img-fluid squared img-fluid squared\" \/><\/a><\/div><!-- .post-thumb --><div class=\"service-icon-img-wrap\"><img decoding=\"async\" src=\"https:\/\/3.222.8.66\/wp-content\/uploads\/2022\/07\/news-1.png\" class=\"img-fluid service-icon-img\" alt=\"Litigation\" \/><\/div><div class=\"entry-title\"><h4 class=\"post-title-head\"><a href=\"http:\/\/3.222.8.66\/en\/practice-areas\/litigations\/\" class=\"post-title\">Litigation<\/a><\/h4><\/div><!-- .entry-title --><div class=\"post-excerpt\">A litigation is a dispute or legal confrontation that gives rise to...<\/div><!-- .post-excerpt --><\/div><!-- .service-inner --><\/div><!-- .col \/ .owl-carousel-item \/ .isotope --><\/div><!-- .row --><div class=\"row\"><div class=\"col-lg-4 col-md-4\" ><div class=\"service-inner\"><div class=\"post-thumb\"><a href=\"http:\/\/3.222.8.66\/en\/practice-areas\/real-estate\/\" class=\"post-image-link\"><img decoding=\"async\" src=\"https:\/\/3.222.8.66\/wp-content\/uploads\/2023\/10\/raices.webp\" title=\"Real Estate | Motta, Yaafar &amp; Diaz\" alt=\"Real Estate | Motta, Yaafar &amp; Diaz\" class=\"img-fluid squared img-fluid squared img-fluid squared img-fluid squared\" \/><\/a><\/div><!-- .post-thumb --><div class=\"service-icon-img-wrap\"><img decoding=\"async\" src=\"https:\/\/3.222.8.66\/wp-content\/uploads\/2022\/07\/copyright.png\" class=\"img-fluid service-icon-img\" alt=\"Real Estate\" \/><\/div><div class=\"entry-title\"><h4 class=\"post-title-head\"><a href=\"http:\/\/3.222.8.66\/en\/practice-areas\/real-estate\/\" class=\"post-title\">Real Estate<\/a><\/h4><\/div><!-- .entry-title --><div class=\"post-excerpt\">Real estate, also known as immovable property, is property that is...<\/div><!-- .post-excerpt --><\/div><!-- .service-inner --><\/div><!-- .col \/ .owl-carousel-item \/ .isotope --><div class=\"col-lg-4 col-md-4\" ><div class=\"service-inner\"><div class=\"post-thumb\"><a href=\"http:\/\/3.222.8.66\/en\/practice-areas\/elder-law\/\" class=\"post-image-link\"><img decoding=\"async\" src=\"https:\/\/3.222.8.66\/wp-content\/uploads\/2023\/10\/adultos-mayores.webp\" title=\"Legal Counseling on Elderly Rights | Motta, Yaafar D\u00edaz\" alt=\"Legal Counseling on Elderly Rights | Motta, Yaafar D\u00edaz\" class=\"img-fluid squared img-fluid squared img-fluid squared img-fluid squared img-fluid squared\" \/><\/a><\/div><!-- .post-thumb --><div class=\"service-icon-img-wrap\"><img decoding=\"async\" src=\"https:\/\/3.222.8.66\/wp-content\/uploads\/2022\/07\/protest-1.png\" class=\"img-fluid service-icon-img\" alt=\"Elder Law\" \/><\/div><div class=\"entry-title\"><h4 class=\"post-title-head\"><a href=\"http:\/\/3.222.8.66\/en\/practice-areas\/elder-law\/\" class=\"post-title\">Elder Law<\/a><\/h4><\/div><!-- .entry-title --><div class=\"post-excerpt\">The rights of the elderly protected by...<\/div><!-- .post-excerpt --><\/div><!-- .service-inner --><\/div><!-- .col \/ .owl-carousel-item \/ .isotope --><div class=\"col-lg-4 col-md-4\" ><div class=\"service-inner\"><div class=\"post-thumb\"><a href=\"http:\/\/3.222.8.66\/en\/practice-areas\/immigration-law\/\" class=\"post-image-link\"><img decoding=\"async\" src=\"https:\/\/3.222.8.66\/wp-content\/uploads\/2023\/10\/derecho-migratorio.webp\" title=\"Legal Counseling in Immigration Law | Motta, Yaafar D\u00edaz\" alt=\"Legal Counseling in Immigration Law | Motta, Yaafar D\u00edaz\" class=\"img-fluid squared img-fluid squared img-fluid squared img-fluid squared img-fluid squared img-fluid squared\" \/><\/a><\/div><!-- .post-thumb --><div class=\"service-icon-img-wrap\"><img decoding=\"async\" src=\"https:\/\/3.222.8.66\/wp-content\/uploads\/2022\/07\/contract-1.png\" class=\"img-fluid service-icon-img\" alt=\"Immigration Law\" \/><\/div><div class=\"entry-title\"><h4 class=\"post-title-head\"><a href=\"http:\/\/3.222.8.66\/en\/practice-areas\/immigration-law\/\" class=\"post-title\">Immigration Law<\/a><\/h4><\/div><!-- .entry-title --><div class=\"post-excerpt\">Panama is a diverse and welcoming country that attracts...<\/div><!-- .post-excerpt --><\/div><!-- .service-inner --><\/div><!-- .col \/ .owl-carousel-item \/ .isotope --><\/div><!-- .row --><div class=\"row\"><div class=\"col-lg-4 col-md-4\" ><div class=\"service-inner\"><div class=\"post-thumb\"><a href=\"http:\/\/3.222.8.66\/en\/practice-areas\/maritime-and-aeronautical-law\/\" class=\"post-image-link\"><img decoding=\"async\" src=\"https:\/\/3.222.8.66\/wp-content\/uploads\/2023\/10\/maritimo.webp\" title=\"Legal Counseling in Maritime and Aviation Law | Motta, Yaafar Diaz\" alt=\"Legal Counseling in Maritime and Aviation Law | Motta, Yaafar Diaz\" class=\"img-fluid squared img-fluid squared img-fluid squared img-fluid squared img-fluid squared img-fluid squared img-fluid squared\" \/><\/a><\/div><!-- .post-thumb --><div class=\"service-icon-img-wrap\"><img decoding=\"async\" src=\"https:\/\/3.222.8.66\/wp-content\/uploads\/2022\/07\/business.png\" class=\"img-fluid service-icon-img\" alt=\"Maritime and Aeronautical Law\" \/><\/div><div class=\"entry-title\"><h4 class=\"post-title-head\"><a href=\"http:\/\/3.222.8.66\/en\/practice-areas\/maritime-and-aeronautical-law\/\" class=\"post-title\">Maritime and Aeronautical Law<\/a><\/h4><\/div><!-- .entry-title --><div class=\"post-excerpt\">At Motta, Yaafar &amp; Diaz, we understand the importance of...<\/div><!-- .post-excerpt --><\/div><!-- .service-inner --><\/div><!-- .col \/ .owl-carousel-item \/ .isotope --><\/div><!-- .row -->\t\t\t\n\t\t<\/div>\n\t\t\t\t<\/div>\n\t\t\t\t\t<\/div>\n\t\t<\/div>\n\t\t\t\t\t<\/div>\n\t\t<\/section>\n\t\t\t\t<\/div>","protected":false},"excerpt":{"rendered":"<p>Business Law Business law is a broad area of business law.<\/p>","protected":false},"author":4,"featured_media":0,"parent":0,"menu_order":0,"comment_status":"closed","ping_status":"closed","template":"","meta":{"inline_featured_image":false,"footnotes":""},"class_list":["post-33013","page","type-page","status-publish","hentry"],"yoast_head":"<!-- This site is optimized with the Yoast SEO plugin v25.4 - https:\/\/yoast.com\/wordpress\/plugins\/seo\/ -->\n<title>\u00c1reas de Pr\u00e1ctica - Motta, Yaafar &amp; D\u00edaz<\/title>\n<meta name=\"description\" content=\"Firma de abogados paname\u00f1a, establecida en 2023 por un grupo talentoso de j\u00f3venes abogados, dedicada a brindar asesor\u00eda legal inigualable.\" \/>\n<meta name=\"robots\" content=\"index, follow, max-snippet:-1, max-image-preview:large, max-video-preview:-1\" \/>\n<link rel=\"canonical\" href=\"https:\/\/3.222.8.66\/en\/practice-areas\/\" \/>\n<meta property=\"og:locale\" content=\"en_US\" \/>\n<meta property=\"og:type\" content=\"article\" \/>\n<meta property=\"og:title\" content=\"\u00c1reas de Pr\u00e1ctica - Motta, Yaafar &amp; D\u00edaz\" \/>\n<meta property=\"og:description\" content=\"Firma de abogados paname\u00f1a, establecida en 2023 por un grupo talentoso de j\u00f3venes abogados, dedicada a brindar asesor\u00eda legal inigualable.\" \/>\n<meta property=\"og:url\" content=\"https:\/\/3.222.8.66\/en\/practice-areas\/\" \/>\n<meta property=\"og:site_name\" content=\"Motta, Yaafar &amp; D\u00edaz\" \/>\n<meta property=\"article:modified_time\" content=\"2023-10-18T21:14:18+00:00\" \/>\n<meta property=\"og:image\" content=\"https:\/\/www.myd-law.com\/wp-content\/uploads\/2022\/07\/derecho-empresarial-1.webp\" \/>\n<meta name=\"twitter:card\" content=\"summary_large_image\" \/>\n<meta name=\"twitter:label1\" content=\"Est. reading time\" \/>\n\t<meta name=\"twitter:data1\" content=\"4 minutes\" \/>\n<script type=\"application\/ld+json\" class=\"yoast-schema-graph\">{\"@context\":\"https:\/\/schema.org\",\"@graph\":[{\"@type\":\"WebPage\",\"@id\":\"https:\/\/3.222.8.66\/areas-de-practica\/\",\"url\":\"https:\/\/3.222.8.66\/areas-de-practica\/\",\"name\":\"\u00c1reas de Pr\u00e1ctica - Motta, Yaafar &amp; D\u00edaz\",\"isPartOf\":{\"@id\":\"https:\/\/3.222.8.66\/#website\"},\"primaryImageOfPage\":{\"@id\":\"https:\/\/3.222.8.66\/areas-de-practica\/#primaryimage\"},\"image\":{\"@id\":\"https:\/\/3.222.8.66\/areas-de-practica\/#primaryimage\"},\"thumbnailUrl\":\"https:\/\/www.myd-law.com\/wp-content\/uploads\/2022\/07\/derecho-empresarial-1.webp\",\"datePublished\":\"2023-10-03T16:15:06+00:00\",\"dateModified\":\"2023-10-18T21:14:18+00:00\",\"description\":\"Firma de abogados paname\u00f1a, establecida en 2023 por un grupo talentoso de j\u00f3venes abogados, dedicada a brindar asesor\u00eda legal inigualable.\",\"breadcrumb\":{\"@id\":\"https:\/\/3.222.8.66\/areas-de-practica\/#breadcrumb\"},\"inLanguage\":\"en-US\",\"potentialAction\":[{\"@type\":\"ReadAction\",\"target\":[\"https:\/\/3.222.8.66\/areas-de-practica\/\"]}]},{\"@type\":\"ImageObject\",\"inLanguage\":\"en-US\",\"@id\":\"https:\/\/3.222.8.66\/areas-de-practica\/#primaryimage\",\"url\":\"https:\/\/www.myd-law.com\/wp-content\/uploads\/2022\/07\/derecho-empresarial-1.webp\",\"contentUrl\":\"https:\/\/www.myd-law.com\/wp-content\/uploads\/2022\/07\/derecho-empresarial-1.webp\"},{\"@type\":\"BreadcrumbList\",\"@id\":\"https:\/\/3.222.8.66\/areas-de-practica\/#breadcrumb\",\"itemListElement\":[{\"@type\":\"ListItem\",\"position\":1,\"name\":\"Portada\",\"item\":\"https:\/\/3.222.8.66\/\"},{\"@type\":\"ListItem\",\"position\":2,\"name\":\"\u00c1reas de Pr\u00e1ctica\"}]},{\"@type\":\"WebSite\",\"@id\":\"https:\/\/3.222.8.66\/#website\",\"url\":\"https:\/\/3.222.8.66\/\",\"name\":\"Motta, Yaafar &amp; D\u00edaz\",\"description\":\"Asesoramiento Legal Moderno\",\"publisher\":{\"@id\":\"https:\/\/3.222.8.66\/#organization\"},\"potentialAction\":[{\"@type\":\"SearchAction\",\"target\":{\"@type\":\"EntryPoint\",\"urlTemplate\":\"https:\/\/3.222.8.66\/?s={search_term_string}\"},\"query-input\":{\"@type\":\"PropertyValueSpecification\",\"valueRequired\":true,\"valueName\":\"search_term_string\"}}],\"inLanguage\":\"en-US\"},{\"@type\":\"Organization\",\"@id\":\"https:\/\/3.222.8.66\/#organization\",\"name\":\"Motta, Yaafar & D\u00edaz\",\"url\":\"https:\/\/3.222.8.66\/\",\"logo\":{\"@type\":\"ImageObject\",\"inLanguage\":\"en-US\",\"@id\":\"https:\/\/3.222.8.66\/#\/schema\/logo\/image\/\",\"url\":\"https:\/\/www.myd-law.com\/wp-content\/uploads\/2023\/10\/logo_MottaYaaDiaz.png\",\"contentUrl\":\"https:\/\/www.myd-law.com\/wp-content\/uploads\/2023\/10\/logo_MottaYaaDiaz.png\",\"width\":2542,\"height\":557,\"caption\":\"Motta, Yaafar & D\u00edaz\"},\"image\":{\"@id\":\"https:\/\/3.222.8.66\/#\/schema\/logo\/image\/\"},\"sameAs\":[\"https:\/\/www.instagram.com\/mottayaafardiaz\/\",\"https:\/\/www.linkedin.com\/company\/motta-yaafar-diaz\/\"]}]}<\/script>\n<!-- \/ Yoast SEO plugin. -->","yoast_head_json":{"title":"\u00c1reas de Pr\u00e1ctica - Motta, Yaafar &amp; D\u00edaz","description":"Firma de abogados paname\u00f1a, establecida en 2023 por un grupo talentoso de j\u00f3venes abogados, dedicada a brindar asesor\u00eda legal inigualable.","robots":{"index":"index","follow":"follow","max-snippet":"max-snippet:-1","max-image-preview":"max-image-preview:large","max-video-preview":"max-video-preview:-1"},"canonical":"https:\/\/3.222.8.66\/en\/practice-areas\/","og_locale":"en_US","og_type":"article","og_title":"\u00c1reas de Pr\u00e1ctica - Motta, Yaafar &amp; D\u00edaz","og_description":"Firma de abogados paname\u00f1a, establecida en 2023 por un grupo talentoso de j\u00f3venes abogados, dedicada a brindar asesor\u00eda legal inigualable.","og_url":"https:\/\/3.222.8.66\/en\/practice-areas\/","og_site_name":"Motta, Yaafar &amp; D\u00edaz","article_modified_time":"2023-10-18T21:14:18+00:00","og_image":[{"url":"https:\/\/www.myd-law.com\/wp-content\/uploads\/2022\/07\/derecho-empresarial-1.webp","type":"","width":"","height":""}],"twitter_card":"summary_large_image","twitter_misc":{"Est. reading time":"4 minutes"},"schema":{"@context":"https:\/\/schema.org","@graph":[{"@type":"WebPage","@id":"https:\/\/3.222.8.66\/areas-de-practica\/","url":"https:\/\/3.222.8.66\/areas-de-practica\/","name":"\u00c1reas de Pr\u00e1ctica - Motta, Yaafar &amp; D\u00edaz","isPartOf":{"@id":"https:\/\/3.222.8.66\/#website"},"primaryImageOfPage":{"@id":"https:\/\/3.222.8.66\/areas-de-practica\/#primaryimage"},"image":{"@id":"https:\/\/3.222.8.66\/areas-de-practica\/#primaryimage"},"thumbnailUrl":"https:\/\/www.myd-law.com\/wp-content\/uploads\/2022\/07\/derecho-empresarial-1.webp","datePublished":"2023-10-03T16:15:06+00:00","dateModified":"2023-10-18T21:14:18+00:00","description":"Firma de abogados paname\u00f1a, establecida en 2023 por un grupo talentoso de j\u00f3venes abogados, dedicada a brindar asesor\u00eda legal inigualable.","breadcrumb":{"@id":"https:\/\/3.222.8.66\/areas-de-practica\/#breadcrumb"},"inLanguage":"en-US","potentialAction":[{"@type":"ReadAction","target":["https:\/\/3.222.8.66\/areas-de-practica\/"]}]},{"@type":"ImageObject","inLanguage":"en-US","@id":"https:\/\/3.222.8.66\/areas-de-practica\/#primaryimage","url":"https:\/\/www.myd-law.com\/wp-content\/uploads\/2022\/07\/derecho-empresarial-1.webp","contentUrl":"https:\/\/www.myd-law.com\/wp-content\/uploads\/2022\/07\/derecho-empresarial-1.webp"},{"@type":"BreadcrumbList","@id":"https:\/\/3.222.8.66\/areas-de-practica\/#breadcrumb","itemListElement":[{"@type":"ListItem","position":1,"name":"Portada","item":"https:\/\/3.222.8.66\/"},{"@type":"ListItem","position":2,"name":"\u00c1reas de Pr\u00e1ctica"}]},{"@type":"WebSite","@id":"https:\/\/3.222.8.66\/#website","url":"https:\/\/3.222.8.66\/","name":"Motta, Yaafar &amp; D\u00edaz","description":"Asesoramiento Legal Moderno","publisher":{"@id":"https:\/\/3.222.8.66\/#organization"},"potentialAction":[{"@type":"SearchAction","target":{"@type":"EntryPoint","urlTemplate":"https:\/\/3.222.8.66\/?s={search_term_string}"},"query-input":{"@type":"PropertyValueSpecification","valueRequired":true,"valueName":"search_term_string"}}],"inLanguage":"en-US"},{"@type":"Organization","@id":"https:\/\/3.222.8.66\/#organization","name":"Motta, Yaafar & D\u00edaz","url":"https:\/\/3.222.8.66\/","logo":{"@type":"ImageObject","inLanguage":"en-US","@id":"https:\/\/3.222.8.66\/#\/schema\/logo\/image\/","url":"https:\/\/www.myd-law.com\/wp-content\/uploads\/2023\/10\/logo_MottaYaaDiaz.png","contentUrl":"https:\/\/www.myd-law.com\/wp-content\/uploads\/2023\/10\/logo_MottaYaaDiaz.png","width":2542,"height":557,"caption":"Motta, Yaafar & D\u00edaz"},"image":{"@id":"https:\/\/3.222.8.66\/#\/schema\/logo\/image\/"},"sameAs":["https:\/\/www.instagram.com\/mottayaafardiaz\/","https:\/\/www.linkedin.com\/company\/motta-yaafar-diaz\/"]}]}},"_links":{"self":[{"href":"http:\/\/3.222.8.66\/en\/wp-json\/wp\/v2\/pages\/33013","targetHints":{"allow":["GET"]}}],"collection":[{"href":"http:\/\/3.222.8.66\/en\/wp-json\/wp\/v2\/pages"}],"about":[{"href":"http:\/\/3.222.8.66\/en\/wp-json\/wp\/v2\/types\/page"}],"author":[{"embeddable":true,"href":"http:\/\/3.222.8.66\/en\/wp-json\/wp\/v2\/users\/4"}],"replies":[{"embeddable":true,"href":"http:\/\/3.222.8.66\/en\/wp-json\/wp\/v2\/comments?post=33013"}],"version-history":[{"count":5,"href":"http:\/\/3.222.8.66\/en\/wp-json\/wp\/v2\/pages\/33013\/revisions"}],"predecessor-version":[{"id":36235,"href":"http:\/\/3.222.8.66\/en\/wp-json\/wp\/v2\/pages\/33013\/revisions\/36235"}],"wp:attachment":[{"href":"http:\/\/3.222.8.66\/en\/wp-json\/wp\/v2\/media?parent=33013"}],"curies":[{"name":"wp","href":"https:\/\/api.w.org\/{rel}","templated":true}]}}